{"id":852,"date":"2025-07-08T15:40:37","date_gmt":"2025-07-08T13:40:37","guid":{"rendered":"https:\/\/clinicadentalariadnabarrachina.com\/politica-de-cancelaciones-y-no-asistencia\/"},"modified":"2026-03-17T10:00:44","modified_gmt":"2026-03-17T09:00:44","slug":"politica-de-cancelaciones-y-no-asistencia","status":"publish","type":"page","link":"https:\/\/clinicadentalariadnabarrachina.com\/es\/politica-de-cancelaciones-y-no-asistencia\/","title":{"rendered":"Pol\u00edtica de cancelaciones y no asistencia"},"content":{"rendered":"\t\t<div data-elementor-type=\"wp-page\" data-elementor-id=\"852\" class=\"elementor elementor-852 elementor-647\" data-elementor-post-type=\"page\">\n\t\t\t\t<div class=\"elementor-element elementor-element-4d6627a e-flex e-con-boxed e-con e-parent\" data-id=\"4d6627a\" data-element_type=\"container\" data-settings=\"{&quot;background_background&quot;:&quot;classic&quot;}\">\n\t\t\t\t\t<div class=\"e-con-inner\">\n\t\t<div class=\"elementor-element elementor-element-9a07c67 e-con-full e-flex e-con e-child\" data-id=\"9a07c67\" data-element_type=\"container\">\n\t\t\t\t<div class=\"elementor-element elementor-element-642b7ac elementor-widget elementor-widget-heading\" data-id=\"642b7ac\" data-element_type=\"widget\" data-widget_type=\"heading.default\">\n\t\t\t\t\t<h2 class=\"elementor-heading-title elementor-size-default\">POL\u00cdTICA DE <span style=\"font-weight:700\">CANCELACIONES Y NO ASISTENCIA<\/span><\/h2>\t\t\t\t<\/div>\n\t\t\t\t<div class=\"elementor-element elementor-element-0dbbf41 elementor-widget elementor-widget-text-editor\" data-id=\"0dbbf41\" data-element_type=\"widget\" data-widget_type=\"text-editor.default\">\n\t\t\t\t\t\t\t\t\t<p><span style=\"font-weight: 400;\">En la Cl\u00ednica Dental Barrachina trabajamos para ofrecerte una atenci\u00f3n de calidad y citas programadas de manera puntual para todos. Por eso, disponemos de un protocolo espec\u00edfico para gestionar las anulaciones y las ausencias sin previo aviso.<\/span><\/p><p><span style=\"font-weight: 400;\">Este sistema nos permite aprovechar mejor el tiempo disponible y dar respuesta a aquellos pacientes que sufren dolor agudo o que requieren una atenci\u00f3n de urgencia.<\/span><\/p>\t\t\t\t\t\t\t\t<\/div>\n\t\t\t\t<div class=\"elementor-element elementor-element-0ef6e84 elementor-widget elementor-widget-heading\" data-id=\"0ef6e84\" data-element_type=\"widget\" data-widget_type=\"heading.default\">\n\t\t\t\t\t<h2 class=\"elementor-heading-title elementor-size-default\">Horario <span style=\"font-weight:700\">de atenci\u00f3n<\/span><\/h2>\t\t\t\t<\/div>\n\t\t\t\t<div class=\"elementor-element elementor-element-44dcc8b elementor-widget elementor-widget-text-editor\" data-id=\"44dcc8b\" data-element_type=\"widget\" data-widget_type=\"text-editor.default\">\n\t\t\t\t\t\t\t\t\t<p><span style=\"font-size: 15.2px;\">Para adaptarnos a las necesidades de cada persona, ofrecemos un amplio horario:<\/span><\/p><ul><li style=\"font-weight: 400;\" aria-level=\"1\"><b>Lunes:<\/b><span style=\"font-weight: 400;\"> de 08:00 h a 20:00 h<\/span><\/li><li style=\"font-weight: 400;\" aria-level=\"1\"><b>Martes:<\/b><span style=\"font-weight: 400;\"> de 08:30 h a 12:30 h y de 14:00 h a 20:00 h<\/span><\/li><li style=\"font-weight: 400;\" aria-level=\"1\"><b>Mi\u00e9rcoles:<\/b><span style=\"font-weight: 400;\"> de 08:00 h a 20:00 h<\/span><\/li><li style=\"font-weight: 400;\" aria-level=\"1\"><b>Jueves:<\/b><span style=\"font-weight: 400;\"> de 09:30 h a 20:00 h<\/span><\/li><li style=\"font-weight: 400;\" aria-level=\"1\"><b>Viernes:<\/b><span style=\"font-weight: 400;\"> de 08:00 h a 20:00 h<\/span><\/li><\/ul><p><i><span style=\"font-weight: 400;\"> <\/span><\/i><\/p><p><i><span style=\"font-weight: 400;\">(Si quieres, aqu\u00ed puedes a\u00f1adir un aviso espec\u00edfico sobre c\u00f3mo se gestionan las urgencias.)<\/span><\/i><\/p>\t\t\t\t\t\t\t\t<\/div>\n\t\t\t\t<div class=\"elementor-element elementor-element-7eaba74 elementor-widget elementor-widget-heading\" data-id=\"7eaba74\" data-element_type=\"widget\" data-widget_type=\"heading.default\">\n\t\t\t\t\t<h2 class=\"elementor-heading-title elementor-size-default\">Anulaci\u00f3n <span style=\"font-weight:700\">de una cita<\/span><\/h2>\t\t\t\t<\/div>\n\t\t\t\t<div class=\"elementor-element elementor-element-e5f0348 elementor-widget elementor-widget-text-editor\" data-id=\"e5f0348\" data-element_type=\"widget\" data-widget_type=\"text-editor.default\">\n\t\t\t\t\t\t\t\t\t<p><span style=\"font-size: 15.2px;\">Por respeto a la salud y el tiempo de todos los pacientes, te pedimos que nos avises con antelaci\u00f3n en caso de no poder asistir a tu cita:<\/span><\/p><ul><li style=\"font-weight: 400;\" aria-level=\"1\"><b>Es necesario avisar con un m\u00ednimo de 24 horas<\/b><span style=\"font-weight: 400;\"><span style=\"font-weight: 400;\">.<\/span><\/span><\/li><\/ul><p><span style=\"font-weight: 400;\">Cuando nos comuniques la cancelaci\u00f3n, esa franja horaria podr\u00e1 ser asignada a otra persona que necesite un tratamiento urgente.<\/span><\/p>\t\t\t\t\t\t\t\t<\/div>\n\t\t\t\t<div class=\"elementor-element elementor-element-0aaad89 elementor-widget elementor-widget-heading\" data-id=\"0aaad89\" data-element_type=\"widget\" data-widget_type=\"heading.default\">\n\t\t\t\t\t<h2 class=\"elementor-heading-title elementor-size-default\">C\u00f3mo cancelar o modificar <span style=\"font-weight:700\">una cita<\/span><\/h2>\t\t\t\t<\/div>\n\t\t\t\t<div class=\"elementor-element elementor-element-f16da42 elementor-widget elementor-widget-text-editor\" data-id=\"f16da42\" data-element_type=\"widget\" data-widget_type=\"text-editor.default\">\n\t\t\t\t\t\t\t\t\t<p>Para gestionar cualquier cambio o anulaci\u00f3n, puedes:<\/p><ul><li aria-level=\"1\">Llamar al tel\u00e9fono fijo <b>937 939 846<\/b><\/li><li aria-level=\"1\">Escribir por WhatsApp al <b>691 54 21 05<\/b><\/li><\/ul><p>Es importante que la cancelaci\u00f3n quede <b>confirmada<\/b> por parte del equipo de la cl\u00ednica.<\/p><p>Si en el momento de la llamada no podemos atenderte, puedes dejar un mensaje en el contestador con:<\/p><ul><li aria-level=\"1\">Tu nombre y apellidos<\/li><li aria-level=\"1\">El d\u00eda y la hora de la cita<\/li><li aria-level=\"1\">Un tel\u00e9fono de contacto<\/li><\/ul><p>Si quieres modificar el horario, ind\u00edcanos cu\u00e1ndo podemos volver a llamarte.<\/p>\t\t\t\t\t\t\t\t<\/div>\n\t\t\t\t<div class=\"elementor-element elementor-element-3264265 elementor-widget elementor-widget-heading\" data-id=\"3264265\" data-element_type=\"widget\" data-widget_type=\"heading.default\">\n\t\t\t\t\t<h2 class=\"elementor-heading-title elementor-size-default\">No asistencia sin aviso<\/font><\/h2>\t\t\t\t<\/div>\n\t\t\t\t<div class=\"elementor-element elementor-element-e7dd35f elementor-widget elementor-widget-text-editor\" data-id=\"e7dd35f\" data-element_type=\"widget\" data-widget_type=\"text-editor.default\">\n\t\t\t\t\t\t\t\t\t<p><span style=\"font-size: 15.2px;\">Se considera <\/span><b style=\"font-size: 15.2px;\">no asistencia<\/b><span style=\"font-size: 15.2px;\"> cuando una persona no se presenta a su cita y tampoco la ha cancelado en el plazo establecido (24 horas).<\/span><\/p>\n<p><span style=\"font-weight: 400;\">Esta situaci\u00f3n genera inconvenientes para otros pacientes que pueden necesitar atenci\u00f3n inmediata y supone que el equipo y los recursos queden bloqueados sin poder atender a nadie.<\/span><\/p>\n<p><span style=\"font-weight: 400;\">Cuando esto ocurra, se registrar\u00e1 en tu historial como \u00abno asistencia a la cita programada\u00bb.<\/span><\/p>\n<p><span style=\"font-weight: 400;\">Adem\u00e1s, si la cita tiene una duraci\u00f3n igual o superior a <\/span><b>1 hora<\/b><span style=\"font-weight: 400;\">, se aplicar\u00e1 el siguiente cargo:<\/span><\/p>\n<ul>\n<li style=\"font-weight: 400;\" aria-level=\"1\"><b>25 \u20ac<\/b><span style=\"font-weight: 400;\"> para visitas convencionales.<\/span>&nbsp;<\/li><\/ul>\n<div>&nbsp;<\/div>\n<p><span style=\"font-weight: 400;\">Si quieres m\u00e1s informaci\u00f3n o tienes alguna duda sobre esta pol\u00edtica, nuestro equipo estar\u00e1 encantado de atenderte y resolver cualquier consulta.<\/span><\/p>\t\t\t\t\t\t\t\t<\/div>\n\t\t<div class=\"elementor-element elementor-element-2778033 e-con-full e-flex e-con e-child\" data-id=\"2778033\" data-element_type=\"container\">\n\t\t\t\t<div class=\"elementor-element elementor-element-37f75a0 elementor-align-center elementor-widget elementor-widget-button\" data-id=\"37f75a0\" data-element_type=\"widget\" data-widget_type=\"button.default\">\n\t\t\t\t\t\t\t\t\t\t<a class=\"elementor-button elementor-button-link elementor-size-sm\" href=\"https:\/\/clinicadentalariadnabarrachina.com\/es\/pide-cita\/\">\n\t\t\t\t\t\t<span class=\"elementor-button-content-wrapper\">\n\t\t\t\t\t\t\t\t\t<span class=\"elementor-button-text\">Pide cita<\/span>\n\t\t\t\t\t<\/span>\n\t\t\t\t\t<\/a>\n\t\t\t\t\t\t\t\t<\/div>\n\t\t\t\t<div class=\"elementor-element elementor-element-20c1b88 elementor-align-center elementor-mobile-align-left elementor-widget elementor-widget-button\" data-id=\"20c1b88\" data-element_type=\"widget\" data-widget_type=\"button.default\">\n\t\t\t\t\t\t\t\t\t\t<a class=\"elementor-button elementor-button-link elementor-size-sm\" href=\"https:\/\/clinicadentalariadnabarrachina.com\/es\/\">\n\t\t\t\t\t\t<span class=\"elementor-button-content-wrapper\">\n\t\t\t\t\t\t\t\t\t<span class=\"elementor-button-text\">Volver al inicio<\/span>\n\t\t\t\t\t<\/span>\n\t\t\t\t\t<\/a>\n\t\t\t\t\t\t\t\t<\/div>\n\t\t\t\t<\/div>\n\t\t\t\t<\/div>\n\t\t\t\t\t<\/div>\n\t\t\t\t<\/div>\n\t\t\t\t<\/div>\n\t\t","protected":false},"excerpt":{"rendered":"<p>POL\u00cdTICA DE CANCELACIONES Y NO ASISTENCIA En la Cl\u00ednica Dental Barrachina trabajamos para ofrecerte una atenci\u00f3n de calidad y citas programadas de manera puntual para todos. Por eso, disponemos de un protocolo espec\u00edfico para gestionar las anulaciones y las ausencias sin previo aviso. Este sistema nos permite aprovechar mejor el tiempo disponible y dar respuesta [&hellip;]<\/p>\n","protected":false},"author":1,"featured_media":0,"parent":0,"menu_order":0,"comment_status":"closed","ping_status":"closed","template":"","meta":{"footnotes":""},"class_list":["post-852","page","type-page","status-publish","hentry"],"yoast_head":"<!-- This site is optimized with the Yoast SEO plugin v27.1.1 - https:\/\/yoast.com\/product\/yoast-seo-wordpress\/ -->\n<title>Pol\u00edtica de cancelaciones y no asistencia - Cl\u00ednica Dental Barrachina<\/title>\n<meta name=\"robots\" content=\"index, follow, max-snippet:-1, max-image-preview:large, max-video-preview:-1\" \/>\n<link rel=\"canonical\" href=\"https:\/\/clinicadentalariadnabarrachina.com\/es\/politica-de-cancelaciones-y-no-asistencia\/\" \/>\n<meta property=\"og:locale\" content=\"es_ES\" \/>\n<meta property=\"og:type\" content=\"article\" \/>\n<meta property=\"og:title\" content=\"Pol\u00edtica de cancelaciones y no asistencia - Cl\u00ednica Dental Barrachina\" \/>\n<meta property=\"og:description\" content=\"POL\u00cdTICA DE CANCELACIONES Y NO ASISTENCIA En la Cl\u00ednica Dental Barrachina trabajamos para ofrecerte una atenci\u00f3n de calidad y citas programadas de manera puntual para todos. Por eso, disponemos de un protocolo espec\u00edfico para gestionar las anulaciones y las ausencias sin previo aviso. Este sistema nos permite aprovechar mejor el tiempo disponible y dar respuesta [&hellip;]\" \/>\n<meta property=\"og:url\" content=\"https:\/\/clinicadentalariadnabarrachina.com\/es\/politica-de-cancelaciones-y-no-asistencia\/\" \/>\n<meta property=\"og:site_name\" content=\"Cl\u00ednica Dental Barrachina\" \/>\n<meta property=\"article:modified_time\" content=\"2026-03-17T09:00:44+00:00\" \/>\n<meta name=\"twitter:card\" content=\"summary_large_image\" \/>\n<meta name=\"twitter:label1\" content=\"Tiempo de lectura\" \/>\n\t<meta name=\"twitter:data1\" content=\"2 minutos\" \/>\n<script type=\"application\/ld+json\" class=\"yoast-schema-graph\">{\"@context\":\"https:\/\/schema.org\",\"@graph\":[{\"@type\":\"WebPage\",\"@id\":\"https:\/\/clinicadentalariadnabarrachina.com\/es\/politica-de-cancelaciones-y-no-asistencia\/\",\"url\":\"https:\/\/clinicadentalariadnabarrachina.com\/es\/politica-de-cancelaciones-y-no-asistencia\/\",\"name\":\"Pol\u00edtica de cancelaciones y no asistencia - Cl\u00ednica Dental Barrachina\",\"isPartOf\":{\"@id\":\"https:\/\/clinicadentalariadnabarrachina.com\/#website\"},\"datePublished\":\"2025-07-08T13:40:37+00:00\",\"dateModified\":\"2026-03-17T09:00:44+00:00\",\"breadcrumb\":{\"@id\":\"https:\/\/clinicadentalariadnabarrachina.com\/es\/politica-de-cancelaciones-y-no-asistencia\/#breadcrumb\"},\"inLanguage\":\"es\",\"potentialAction\":[{\"@type\":\"ReadAction\",\"target\":[\"https:\/\/clinicadentalariadnabarrachina.com\/es\/politica-de-cancelaciones-y-no-asistencia\/\"]}]},{\"@type\":\"BreadcrumbList\",\"@id\":\"https:\/\/clinicadentalariadnabarrachina.com\/es\/politica-de-cancelaciones-y-no-asistencia\/#breadcrumb\",\"itemListElement\":[{\"@type\":\"ListItem\",\"position\":1,\"name\":\"Inici\",\"item\":\"https:\/\/clinicadentalariadnabarrachina.com\/\"},{\"@type\":\"ListItem\",\"position\":2,\"name\":\"Pol\u00edtica de cancelaciones y no asistencia\"}]},{\"@type\":\"WebSite\",\"@id\":\"https:\/\/clinicadentalariadnabarrachina.com\/#website\",\"url\":\"https:\/\/clinicadentalariadnabarrachina.com\/\",\"name\":\"Cl\u00ednica dental Ariadna Barrachina\",\"description\":\"\",\"alternateName\":\"Cl\u00ednica dental Ari Barrachina\",\"potentialAction\":[{\"@type\":\"SearchAction\",\"target\":{\"@type\":\"EntryPoint\",\"urlTemplate\":\"https:\/\/clinicadentalariadnabarrachina.com\/?s={search_term_string}\"},\"query-input\":{\"@type\":\"PropertyValueSpecification\",\"valueRequired\":true,\"valueName\":\"search_term_string\"}}],\"inLanguage\":\"es\"}]}<\/script>\n<!-- \/ Yoast SEO plugin. -->","yoast_head_json":{"title":"Pol\u00edtica de cancelaciones y no asistencia - Cl\u00ednica Dental Barrachina","robots":{"index":"index","follow":"follow","max-snippet":"max-snippet:-1","max-image-preview":"max-image-preview:large","max-video-preview":"max-video-preview:-1"},"canonical":"https:\/\/clinicadentalariadnabarrachina.com\/es\/politica-de-cancelaciones-y-no-asistencia\/","og_locale":"es_ES","og_type":"article","og_title":"Pol\u00edtica de cancelaciones y no asistencia - Cl\u00ednica Dental Barrachina","og_description":"POL\u00cdTICA DE CANCELACIONES Y NO ASISTENCIA En la Cl\u00ednica Dental Barrachina trabajamos para ofrecerte una atenci\u00f3n de calidad y citas programadas de manera puntual para todos. Por eso, disponemos de un protocolo espec\u00edfico para gestionar las anulaciones y las ausencias sin previo aviso. Este sistema nos permite aprovechar mejor el tiempo disponible y dar respuesta [&hellip;]","og_url":"https:\/\/clinicadentalariadnabarrachina.com\/es\/politica-de-cancelaciones-y-no-asistencia\/","og_site_name":"Cl\u00ednica Dental Barrachina","article_modified_time":"2026-03-17T09:00:44+00:00","twitter_card":"summary_large_image","twitter_misc":{"Tiempo de lectura":"2 minutos"},"schema":{"@context":"https:\/\/schema.org","@graph":[{"@type":"WebPage","@id":"https:\/\/clinicadentalariadnabarrachina.com\/es\/politica-de-cancelaciones-y-no-asistencia\/","url":"https:\/\/clinicadentalariadnabarrachina.com\/es\/politica-de-cancelaciones-y-no-asistencia\/","name":"Pol\u00edtica de cancelaciones y no asistencia - Cl\u00ednica Dental Barrachina","isPartOf":{"@id":"https:\/\/clinicadentalariadnabarrachina.com\/#website"},"datePublished":"2025-07-08T13:40:37+00:00","dateModified":"2026-03-17T09:00:44+00:00","breadcrumb":{"@id":"https:\/\/clinicadentalariadnabarrachina.com\/es\/politica-de-cancelaciones-y-no-asistencia\/#breadcrumb"},"inLanguage":"es","potentialAction":[{"@type":"ReadAction","target":["https:\/\/clinicadentalariadnabarrachina.com\/es\/politica-de-cancelaciones-y-no-asistencia\/"]}]},{"@type":"BreadcrumbList","@id":"https:\/\/clinicadentalariadnabarrachina.com\/es\/politica-de-cancelaciones-y-no-asistencia\/#breadcrumb","itemListElement":[{"@type":"ListItem","position":1,"name":"Inici","item":"https:\/\/clinicadentalariadnabarrachina.com\/"},{"@type":"ListItem","position":2,"name":"Pol\u00edtica de cancelaciones y no asistencia"}]},{"@type":"WebSite","@id":"https:\/\/clinicadentalariadnabarrachina.com\/#website","url":"https:\/\/clinicadentalariadnabarrachina.com\/","name":"Cl\u00ednica dental Ariadna Barrachina","description":"","alternateName":"Cl\u00ednica dental Ari Barrachina","potentialAction":[{"@type":"SearchAction","target":{"@type":"EntryPoint","urlTemplate":"https:\/\/clinicadentalariadnabarrachina.com\/?s={search_term_string}"},"query-input":{"@type":"PropertyValueSpecification","valueRequired":true,"valueName":"search_term_string"}}],"inLanguage":"es"}]}},"_links":{"self":[{"href":"https:\/\/clinicadentalariadnabarrachina.com\/es\/wp-json\/wp\/v2\/pages\/852","targetHints":{"allow":["GET"]}}],"collection":[{"href":"https:\/\/clinicadentalariadnabarrachina.com\/es\/wp-json\/wp\/v2\/pages"}],"about":[{"href":"https:\/\/clinicadentalariadnabarrachina.com\/es\/wp-json\/wp\/v2\/types\/page"}],"author":[{"embeddable":true,"href":"https:\/\/clinicadentalariadnabarrachina.com\/es\/wp-json\/wp\/v2\/users\/1"}],"replies":[{"embeddable":true,"href":"https:\/\/clinicadentalariadnabarrachina.com\/es\/wp-json\/wp\/v2\/comments?post=852"}],"version-history":[{"count":4,"href":"https:\/\/clinicadentalariadnabarrachina.com\/es\/wp-json\/wp\/v2\/pages\/852\/revisions"}],"predecessor-version":[{"id":1459,"href":"https:\/\/clinicadentalariadnabarrachina.com\/es\/wp-json\/wp\/v2\/pages\/852\/revisions\/1459"}],"wp:attachment":[{"href":"https:\/\/clinicadentalariadnabarrachina.com\/es\/wp-json\/wp\/v2\/media?parent=852"}],"curies":[{"name":"wp","href":"https:\/\/api.w.org\/{rel}","templated":true}]}}